{"id":141,"date":"2017-07-02T19:44:47","date_gmt":"2017-07-02T18:44:47","guid":{"rendered":"http:\/\/ypops.fr\/wordpress\/?page_id=141"},"modified":"2017-07-02T19:44:47","modified_gmt":"2017-07-02T18:44:47","slug":"presentation","status":"publish","type":"page","link":"https:\/\/ypops.fr\/wordpress\/presentation\/","title":{"rendered":"Pr\u00e9sentation"},"content":{"rendered":"<header class=\"entry-header\">\n<h1 class=\"entry-title\">Salut,<\/h1>\n<\/header>\n<div class=\"entry-content\">\n<p>Moi c\u2019est Yann Pops, batteur, un peu chanteur, un peu compositeur un peu touche \u00e0 tout.<\/p>\n<p><a href=\"https:\/\/ypops.fr\/wordpress\/wp-content\/uploads\/2017\/06\/IMG-20170228-WA0016.jpg\"><img loading=\"lazy\" decoding=\"async\" class=\"alignnone wp-image-82\" src=\"https:\/\/ypops.fr\/wordpress\/wp-content\/uploads\/2017\/06\/IMG-20170228-WA0016-300x200.jpg\" alt=\"\" width=\"222\" height=\"151\" \/><\/a><\/p>\n<p><strong>Pourquoi un site?<\/strong><\/p>\n<p>La musique est ma passion et il n\u2019y a rien de mieux que le partage pour ne pas oublier ces merveilleux moments pass\u00e9s \u00e0 essayer d\u2019en faire.<\/p>\n<p>Vous trouverez sur ce site des actus, des titres, des photos, des vid\u00e9os de formations dans lequel j\u2019ai jou\u00e9 , des vid\u00e9os p\u00e9dagogiques, des covers, des tests mat\u00e9riels, des astuces matos, des coups de c\u0153ur artistique, bref ce qui me passera par la t\u00eate.<\/p>\n<p><strong>Et sur un site<\/strong>\u00a0car des vid\u00e9os, des photos, des souvenirs on en a partout, les regrouper et les rendre consultables facilement m\u2019a sembl\u00e9 int\u00e9r\u00e9ssant.<\/p>\n<p>Alors, \u00e9coutez, lisez, t\u00e9l\u00e9chargez, et commentez.<\/p>\n<p>YP<\/p>\n<\/div>\n","protected":false},"excerpt":{"rendered":"<p>Salut, Moi c\u2019est Yann Pops, batteur, un peu chanteur, un peu compositeur un peu touche \u00e0 tout. Pourquoi un site? La musique est ma passion et il n\u2019y a rien de mieux que le partage pour ne pas oublier ces &hellip; <a href=\"https:\/\/ypops.fr\/wordpress\/presentation\/\">Continuer la lecture <span class=\"meta-nav\">&rarr;<\/span><\/a><\/p>\n","protected":false},"author":1,"featured_media":0,"parent":0,"menu_order":0,"comment_status":"closed","ping_status":"closed","template":"","meta":{"footnotes":""},"class_list":["post-141","page","type-page","status-publish","hentry"],"yoast_head":"<!-- This site is optimized with the Yoast SEO plugin v24.7 - https:\/\/yoast.com\/wordpress\/plugins\/seo\/ -->\n<title>Pr\u00e9sentation - La Zic de Pops<\/title>\n<meta name=\"robots\" content=\"index, follow, max-snippet:-1, max-image-preview:large, max-video-preview:-1\" \/>\n<link rel=\"canonical\" href=\"https:\/\/ypops.fr\/wordpress\/presentation\/\" \/>\n<meta property=\"og:locale\" content=\"fr_FR\" \/>\n<meta property=\"og:type\" content=\"article\" \/>\n<meta property=\"og:title\" content=\"Pr\u00e9sentation - La Zic de Pops\" \/>\n<meta property=\"og:description\" content=\"Salut, Moi c\u2019est Yann Pops, batteur, un peu chanteur, un peu compositeur un peu touche \u00e0 tout. Pourquoi un site? La musique est ma passion et il n\u2019y a rien de mieux que le partage pour ne pas oublier ces &hellip; Continuer la lecture &rarr;\" \/>\n<meta property=\"og:url\" content=\"https:\/\/ypops.fr\/wordpress\/presentation\/\" \/>\n<meta property=\"og:site_name\" content=\"La Zic de Pops\" \/>\n<meta property=\"og:image\" content=\"http:\/\/ypops.fr\/wordpress\/wp-content\/uploads\/2017\/06\/IMG-20170228-WA0016-300x200.jpg\" \/>\n<meta name=\"twitter:label1\" content=\"Dur\u00e9e de lecture estim\u00e9e\" \/>\n\t<meta name=\"twitter:data1\" content=\"1 minute\" \/>\n<script type=\"application\/ld+json\" class=\"yoast-schema-graph\">{\"@context\":\"https:\/\/schema.org\",\"@graph\":[{\"@type\":\"WebPage\",\"@id\":\"https:\/\/ypops.fr\/wordpress\/presentation\/\",\"url\":\"https:\/\/ypops.fr\/wordpress\/presentation\/\",\"name\":\"Pr\u00e9sentation - La Zic de Pops\",\"isPartOf\":{\"@id\":\"https:\/\/ypops.fr\/wordpress\/#website\"},\"primaryImageOfPage\":{\"@id\":\"https:\/\/ypops.fr\/wordpress\/presentation\/#primaryimage\"},\"image\":{\"@id\":\"https:\/\/ypops.fr\/wordpress\/presentation\/#primaryimage\"},\"thumbnailUrl\":\"http:\/\/ypops.fr\/wordpress\/wp-content\/uploads\/2017\/06\/IMG-20170228-WA0016-300x200.jpg\",\"datePublished\":\"2017-07-02T18:44:47+00:00\",\"breadcrumb\":{\"@id\":\"https:\/\/ypops.fr\/wordpress\/presentation\/#breadcrumb\"},\"inLanguage\":\"fr-FR\",\"potentialAction\":[{\"@type\":\"ReadAction\",\"target\":[\"https:\/\/ypops.fr\/wordpress\/presentation\/\"]}]},{\"@type\":\"ImageObject\",\"inLanguage\":\"fr-FR\",\"@id\":\"https:\/\/ypops.fr\/wordpress\/presentation\/#primaryimage\",\"url\":\"http:\/\/ypops.fr\/wordpress\/wp-content\/uploads\/2017\/06\/IMG-20170228-WA0016-300x200.jpg\",\"contentUrl\":\"http:\/\/ypops.fr\/wordpress\/wp-content\/uploads\/2017\/06\/IMG-20170228-WA0016-300x200.jpg\"},{\"@type\":\"BreadcrumbList\",\"@id\":\"https:\/\/ypops.fr\/wordpress\/presentation\/#breadcrumb\",\"itemListElement\":[{\"@type\":\"ListItem\",\"position\":1,\"name\":\"Accueil\",\"item\":\"https:\/\/ypops.fr\/wordpress\/\"},{\"@type\":\"ListItem\",\"position\":2,\"name\":\"Pr\u00e9sentation\"}]},{\"@type\":\"WebSite\",\"@id\":\"https:\/\/ypops.fr\/wordpress\/#website\",\"url\":\"https:\/\/ypops.fr\/wordpress\/\",\"name\":\"La Zic de Pops\",\"description\":\"Passion, Musique et Batterie.\",\"potentialAction\":[{\"@type\":\"SearchAction\",\"target\":{\"@type\":\"EntryPoint\",\"urlTemplate\":\"https:\/\/ypops.fr\/wordpress\/?s={search_term_string}\"},\"query-input\":{\"@type\":\"PropertyValueSpecification\",\"valueRequired\":true,\"valueName\":\"search_term_string\"}}],\"inLanguage\":\"fr-FR\"}]}<\/script>\n<!-- \/ Yoast SEO plugin. -->","yoast_head_json":{"title":"Pr\u00e9sentation - La Zic de Pops","robots":{"index":"index","follow":"follow","max-snippet":"max-snippet:-1","max-image-preview":"max-image-preview:large","max-video-preview":"max-video-preview:-1"},"canonical":"https:\/\/ypops.fr\/wordpress\/presentation\/","og_locale":"fr_FR","og_type":"article","og_title":"Pr\u00e9sentation - La Zic de Pops","og_description":"Salut, Moi c\u2019est Yann Pops, batteur, un peu chanteur, un peu compositeur un peu touche \u00e0 tout. Pourquoi un site? La musique est ma passion et il n\u2019y a rien de mieux que le partage pour ne pas oublier ces &hellip; Continuer la lecture &rarr;","og_url":"https:\/\/ypops.fr\/wordpress\/presentation\/","og_site_name":"La Zic de Pops","og_image":[{"url":"http:\/\/ypops.fr\/wordpress\/wp-content\/uploads\/2017\/06\/IMG-20170228-WA0016-300x200.jpg","type":"","width":"","height":""}],"twitter_misc":{"Dur\u00e9e de lecture estim\u00e9e":"1 minute"},"schema":{"@context":"https:\/\/schema.org","@graph":[{"@type":"WebPage","@id":"https:\/\/ypops.fr\/wordpress\/presentation\/","url":"https:\/\/ypops.fr\/wordpress\/presentation\/","name":"Pr\u00e9sentation - La Zic de Pops","isPartOf":{"@id":"https:\/\/ypops.fr\/wordpress\/#website"},"primaryImageOfPage":{"@id":"https:\/\/ypops.fr\/wordpress\/presentation\/#primaryimage"},"image":{"@id":"https:\/\/ypops.fr\/wordpress\/presentation\/#primaryimage"},"thumbnailUrl":"http:\/\/ypops.fr\/wordpress\/wp-content\/uploads\/2017\/06\/IMG-20170228-WA0016-300x200.jpg","datePublished":"2017-07-02T18:44:47+00:00","breadcrumb":{"@id":"https:\/\/ypops.fr\/wordpress\/presentation\/#breadcrumb"},"inLanguage":"fr-FR","potentialAction":[{"@type":"ReadAction","target":["https:\/\/ypops.fr\/wordpress\/presentation\/"]}]},{"@type":"ImageObject","inLanguage":"fr-FR","@id":"https:\/\/ypops.fr\/wordpress\/presentation\/#primaryimage","url":"http:\/\/ypops.fr\/wordpress\/wp-content\/uploads\/2017\/06\/IMG-20170228-WA0016-300x200.jpg","contentUrl":"http:\/\/ypops.fr\/wordpress\/wp-content\/uploads\/2017\/06\/IMG-20170228-WA0016-300x200.jpg"},{"@type":"BreadcrumbList","@id":"https:\/\/ypops.fr\/wordpress\/presentation\/#breadcrumb","itemListElement":[{"@type":"ListItem","position":1,"name":"Accueil","item":"https:\/\/ypops.fr\/wordpress\/"},{"@type":"ListItem","position":2,"name":"Pr\u00e9sentation"}]},{"@type":"WebSite","@id":"https:\/\/ypops.fr\/wordpress\/#website","url":"https:\/\/ypops.fr\/wordpress\/","name":"La Zic de Pops","description":"Passion, Musique et Batterie.","potentialAction":[{"@type":"SearchAction","target":{"@type":"EntryPoint","urlTemplate":"https:\/\/ypops.fr\/wordpress\/?s={search_term_string}"},"query-input":{"@type":"PropertyValueSpecification","valueRequired":true,"valueName":"search_term_string"}}],"inLanguage":"fr-FR"}]}},"_links":{"self":[{"href":"https:\/\/ypops.fr\/wordpress\/wp-json\/wp\/v2\/pages\/141","targetHints":{"allow":["GET"]}}],"collection":[{"href":"https:\/\/ypops.fr\/wordpress\/wp-json\/wp\/v2\/pages"}],"about":[{"href":"https:\/\/ypops.fr\/wordpress\/wp-json\/wp\/v2\/types\/page"}],"author":[{"embeddable":true,"href":"https:\/\/ypops.fr\/wordpress\/wp-json\/wp\/v2\/users\/1"}],"replies":[{"embeddable":true,"href":"https:\/\/ypops.fr\/wordpress\/wp-json\/wp\/v2\/comments?post=141"}],"version-history":[{"count":1,"href":"https:\/\/ypops.fr\/wordpress\/wp-json\/wp\/v2\/pages\/141\/revisions"}],"predecessor-version":[{"id":142,"href":"https:\/\/ypops.fr\/wordpress\/wp-json\/wp\/v2\/pages\/141\/revisions\/142"}],"wp:attachment":[{"href":"https:\/\/ypops.fr\/wordpress\/wp-json\/wp\/v2\/media?parent=141"}],"curies":[{"name":"wp","href":"https:\/\/api.w.org\/{rel}","templated":true}]}}